{"id":5133,"date":"2025-10-03T13:52:40","date_gmt":"2025-10-03T13:52:40","guid":{"rendered":"https:\/\/primarii.altanet.ro\/?page_id=5133"},"modified":"2025-11-06T14:21:03","modified_gmt":"2025-11-06T14:21:03","slug":"despre-primaria-demo","status":"publish","type":"page","link":"https:\/\/primarii.altanet.ro\/en\/despre-primaria-demo\/","title":{"rendered":"Despre Prim\u0103rie"},"content":{"rendered":"<div data-elementor-type=\"wp-page\" data-elementor-id=\"5133\" class=\"elementor elementor-5133\" data-elementor-post-type=\"page\">\n\t\t\t\t<div class=\"elementor-element elementor-element-b5f356b e-flex e-con-boxed e-con e-parent\" data-id=\"b5f356b\" data-element_type=\"container\" data-e-type=\"container\">\n\t\t\t\t\t<div class=\"e-con-inner\">\n\t\t\t\t<div class=\"elementor-element elementor-element-7707cb3 elementor-widget elementor-widget-text-editor\" data-id=\"7707cb3\" data-element_type=\"widget\" data-e-type=\"widget\" data-widget_type=\"text-editor.default\">\n\t\t\t\t\t\t\t\t\t<p class=\"MsoNormal\"><span style=\"mso-ansi-language: EN-US;\">Bun venit pe pagina oficial\u0103 a Prim\u0103riei Demo. Institu\u021bia noastr\u0103 reprezint\u0103 fundamentul administra\u021biei publice locale \u0219i serve\u0219te cu dedicare interesele tuturor locuitorilor comunei. Suntem aici pentru a asigura o guvernare transparent\u0103, eficient\u0103 \u0219i responsabil\u0103, av\u00e2nd ca obiectiv principal cre\u0219terea calit\u0103\u021bii vie\u021bii \u00een comunitatea noastr\u0103 din Demo.<\/span><\/p><p class=\"MsoNormal\"><span style=\"mso-ansi-language: EN-US;\">Aceast\u0103 sec\u021biune v\u0103 ofer\u0103 o perspectiv\u0103 complet\u0103 asupra rolului, structurii \u0219i angajamentului nostru fa\u021b\u0103 de dumneavoastr\u0103. Credem cu t\u0103rie c\u0103 o administra\u021bie deschis\u0103 este esen\u021bial\u0103 pentru un parteneriat solid \u00eentre Prim\u0103ria Demo \u0219i cet\u0103\u021benii s\u0103i.<\/span><\/p><h2 class=\"MsoNormal\"><b><span style=\"mso-ansi-language: EN-US;\">Misiunea \u0219i viziunea noastr\u0103 pentru Demo<\/span><\/b><\/h2><p class=\"MsoNormal\"><span style=\"mso-ansi-language: EN-US;\">Activitatea Prim\u0103riei Demo este ghidat\u0103 de principii clare \u0219i de o viziune pe termen lung pentru dezvoltarea localit\u0103\u021bii.<\/span><\/p><h3 class=\"MsoNormal\"><b><span style=\"mso-ansi-language: EN-US;\">Misiunea Prim\u0103riei Demo<\/span><\/b><\/h3><p class=\"MsoNormal\"><span style=\"mso-ansi-language: EN-US;\">Misiunea noastr\u0103 este de a oferi servicii publice de \u00eenalt\u0103 calitate, de a administra eficient resursele locale \u0219i de a promova o dezvoltare economic\u0103 \u0219i social\u0103 durabil\u0103 pentru Demo. Ne angaj\u0103m s\u0103:<\/span><\/p><ul style=\"margin-top: 0cm;\" type=\"disc\"><li class=\"MsoNormal\" style=\"mso-list: l1 level1 lfo1; tab-stops: list 36.0pt;\"><span style=\"mso-ansi-language: EN-US;\">Asigur\u0103m un dialog permanent \u0219i constructiv cu to\u021bi cet\u0103\u021benii comunei Demo.<\/span><\/li><li class=\"MsoNormal\" style=\"mso-list: l1 level1 lfo1; tab-stops: list 36.0pt;\"><span style=\"mso-ansi-language: EN-US;\">Implement\u0103m proiecte care s\u0103 modernizeze infrastructura \u0219i s\u0103 protejeze mediul \u00eenconjur\u0103tor.<\/span><\/li><li class=\"MsoNormal\" style=\"mso-list: l1 level1 lfo1; tab-stops: list 36.0pt;\"><span style=\"mso-ansi-language: EN-US;\">Gestion\u0103m bugetul local cu maxim\u0103 transparen\u021b\u0103 \u0219i responsabilitate.<\/span><\/li><li class=\"MsoNormal\" style=\"mso-list: l1 level1 lfo1; tab-stops: list 36.0pt;\"><span style=\"mso-ansi-language: EN-US;\">Promov\u0103m valorile culturale \u0219i tradi\u021biile locale care definesc identitatea comunit\u0103\u021bii Demo.<\/span><\/li><\/ul><h3 class=\"MsoNormal\"><b><span style=\"mso-ansi-language: EN-US;\">Viziunea noastr\u0103 de dezvoltare<\/span><\/b><\/h3><p class=\"MsoNormal\"><span style=\"mso-ansi-language: EN-US;\">Privim spre viitor cu optimism \u0219i ne dorim ca Demo s\u0103 devin\u0103 o comunitate european\u0103 modern\u0103, prosper\u0103 \u0219i incluziv\u0103. Viziunea noastr\u0103 este aceea a unei localit\u0103\u021bi \u00een care fiecare cet\u0103\u021bean se simte \u00een siguran\u021b\u0103, respectat \u0219i m\u00e2ndru c\u0103 locuie\u0219te \u00een Demo.<\/span><\/p><h2 class=\"MsoNormal\"><b><span style=\"mso-ansi-language: EN-US;\">Conducerea Prim\u0103riei Demo: o echip\u0103 pentru comunitate<\/span><\/b><\/h2><p class=\"MsoNormal\"><span style=\"mso-ansi-language: EN-US;\">Buna func\u021bionare a administra\u021biei locale este asigurat\u0103 de o echip\u0103 format\u0103 din autorit\u0103\u021bi alese, dedicate servirii interesului public.<\/span><\/p><ul style=\"margin-top: 0cm;\" type=\"disc\"><li class=\"MsoNormal\" style=\"mso-list: l0 level1 lfo2; tab-stops: list 36.0pt;\"><b><span style=\"mso-ansi-language: EN-US;\">Primar:<\/span><\/b><span style=\"mso-ansi-language: EN-US;\"> Conducerea executiv\u0103 a Prim\u0103riei Demo este asigurat\u0103 de Primar. Acesta r\u0103spunde de aplicarea legilor \u0219i a hot\u0103r\u00e2rilor Consiliului Local. Pentru mai multe detalii, pute\u021bi consulta pagina cu mesajul Primarului.<\/span><\/li><li class=\"MsoNormal\" style=\"mso-list: l0 level1 lfo2; tab-stops: list 36.0pt;\"><b><span style=\"mso-ansi-language: EN-US;\">Consiliul Local:<\/span><\/b><span style=\"mso-ansi-language: EN-US;\"> Autoritatea deliberativ\u0103 este reprezentat\u0103 de Consiliul Local Demo, format din consilieri ale\u0219i prin vot direct. Acesta adopt\u0103 hot\u0103r\u00e2ri privind bugetul, proiectele de dezvoltare \u0219i administrarea patrimoniului local.<\/span><\/li><\/ul><h2 class=\"MsoNormal\"><b><span style=\"mso-ansi-language: EN-US;\">Angajamentul nostru: transparen\u021b\u0103 \u0219i implicare<\/span><\/b><\/h2><p class=\"MsoNormal\"><span style=\"mso-ansi-language: EN-US;\">Credem c\u0103 implicarea cet\u0103\u021benilor este vital\u0103 pentru o administra\u021bie de succes. De aceea, Prim\u0103ria Demo promoveaz\u0103 activ transparen\u021ba decizional\u0103, public\u00e2nd toate proiectele de hot\u0103r\u00e2ri \u0219i oferind cet\u0103\u021benilor posibilitatea de a participa la dezbateri publice.<\/span><\/p><p class=\"MsoNormal\"><span style=\"mso-ansi-language: EN-US;\">V\u0103 \u00eencuraj\u0103m s\u0103 explora\u021bi \u0219i celelalte sec\u021biuni ale site-ului pentru a descoperi gama complet\u0103 de servicii online sau pentru a intra \u00een leg\u0103tur\u0103 cu noi prin intermediul paginii de <a href=\"https:\/\/primarii.altanet.ro\/en\/contact\/\" target=\"_blank\" rel=\"noopener\">contact<\/a>.<\/span><\/p>\t\t\t\t\t\t\t\t<\/div>\n\t\t\t\t\t<\/div>\n\t\t\t\t<\/div>\n\t\t\t\t<\/div>","protected":false},"excerpt":{"rendered":"<p>Bun venit pe pagina oficial\u0103 a Prim\u0103riei Demo. Institu\u021bia noastr\u0103 reprezint\u0103 fundamentul administra\u021biei publice locale \u0219i serve\u0219te cu dedicare interesele tuturor locuitorilor comunei. Suntem aici pentru a asigura o guvernare transparent\u0103, eficient\u0103 \u0219i responsabil\u0103, av\u00e2nd ca obiectiv principal cre\u0219terea calit\u0103\u021bii vie\u021bii \u00een comunitatea noastr\u0103 din Demo. Aceast\u0103 sec\u021biune v\u0103 ofer\u0103 o perspectiv\u0103 complet\u0103 asupra rolului, [&hellip;]<\/p>\n","protected":false},"author":1,"featured_media":0,"parent":0,"menu_order":0,"comment_status":"closed","ping_status":"open","template":"","meta":{"give_campaign_id":0,"footnotes":""},"class_list":["post-5133","page","type-page","status-publish","hentry"],"aioseo_notices":[],"campaignId":"","_links":{"self":[{"href":"https:\/\/primarii.altanet.ro\/en\/wp-json\/wp\/v2\/pages\/5133","targetHints":{"allow":["GET"]}}],"collection":[{"href":"https:\/\/primarii.altanet.ro\/en\/wp-json\/wp\/v2\/pages"}],"about":[{"href":"https:\/\/primarii.altanet.ro\/en\/wp-json\/wp\/v2\/types\/page"}],"author":[{"embeddable":true,"href":"https:\/\/primarii.altanet.ro\/en\/wp-json\/wp\/v2\/users\/1"}],"replies":[{"embeddable":true,"href":"https:\/\/primarii.altanet.ro\/en\/wp-json\/wp\/v2\/comments?post=5133"}],"version-history":[{"count":16,"href":"https:\/\/primarii.altanet.ro\/en\/wp-json\/wp\/v2\/pages\/5133\/revisions"}],"predecessor-version":[{"id":6033,"href":"https:\/\/primarii.altanet.ro\/en\/wp-json\/wp\/v2\/pages\/5133\/revisions\/6033"}],"wp:attachment":[{"href":"https:\/\/primarii.altanet.ro\/en\/wp-json\/wp\/v2\/media?parent=5133"}],"curies":[{"name":"wp","href":"https:\/\/api.w.org\/{rel}","templated":true}]}}