{"id":5181,"date":"2025-10-03T13:52:43","date_gmt":"2025-10-03T13:52:43","guid":{"rendered":"https:\/\/primarii.altanet.ro\/?page_id=5181"},"modified":"2025-11-07T16:31:08","modified_gmt":"2025-11-07T14:31:08","slug":"proiecte-adoptate-primaria-demo","status":"publish","type":"page","link":"https:\/\/primarii.altanet.ro\/en\/proiecte-adoptate-primaria-demo\/","title":{"rendered":"Proiecte Adoptate"},"content":{"rendered":"\t\t<div data-elementor-type=\"wp-page\" data-elementor-id=\"5181\" class=\"elementor elementor-5181\" data-elementor-post-type=\"page\">\n\t\t\t\t<div class=\"elementor-element elementor-element-c25a06e e-flex e-con-boxed e-con e-parent\" data-id=\"c25a06e\" data-element_type=\"container\" data-e-type=\"container\">\n\t\t\t\t\t<div class=\"e-con-inner\">\n\t\t\t\t<div class=\"elementor-element elementor-element-571fca9 elementor-widget elementor-widget-text-editor\" data-id=\"571fca9\" data-element_type=\"widget\" data-e-type=\"widget\" data-widget_type=\"text-editor.default\">\n\t\t\t\t\t\t\t\t\t<h1><strong>Proiecte adoptate (Hot\u0103r\u00e2ri ale Consiliului Local)<\/strong><\/h1>\n\n<p>Bun venit \u00een arhiva oficial\u0103 a deciziilor. Aici g\u0103si\u021bi toate <strong>proiecte adoptate Prim\u0103ria Demo<\/strong>. Aceast\u0103 sec\u021biune listeaz\u0103 proiectele care au parcurs etapa de dezbatere. Ele au fost votate \u0219i au devenit Hot\u0103r\u00e2ri ale Consiliului Local (HCL). Acestea sunt actele care produc efecte juridice.<\/p>\n\n<h2><strong>De la proiect la hot\u0103r\u00e2re<\/strong><\/h2>\n\n<p>Procesul democratic este acum complet. Un document \u00eencepe ca <a href=\"#\">proiect de hot\u0103r\u00e2re<\/a>. Acesta este supus consult\u0103rii publice. Dup\u0103 perioada de dezbatere, el intr\u0103 pe ordinea de zi a Consiliului Local. Odat\u0103 votat de majoritatea consilierilor, proiectul devine &#8222;adoptat&#8221;. El se transform\u0103 \u00eentr-o Hot\u0103r\u00e2re a Consiliului Local (HCL).<\/p>\n\n<h2><strong>Arhiva hot\u0103r\u00e2rilor adoptate (HCL)<\/strong><\/h2>\n\n<p>Mai jos g\u0103si\u021bi arhiva documentelor oficiale. Acestea sunt organizate cronologic, pe an \u0219i lun\u0103. Pute\u021bi consulta textul integral al fiec\u0103rei hot\u0103r\u00e2ri. Acesta include \u0219i anexele aferente.<\/p>\n\n<p><strong>Arhiv\u0103 [Anul curent]:<\/strong><\/p> <ul> <li><a href=\"#\">Hot\u0103r\u00e2ri adoptate \u00een \u0218edin\u021ba din [Luna curent\u0103]<\/a><\/li> <li><a href=\"#\">Hot\u0103r\u00e2ri adoptate \u00een \u0218edin\u021ba din [Luna anterioar\u0103]<\/a><\/li> <li><a href=\"#\">Hot\u0103r\u00e2ri adoptate \u00een \u0218edin\u021ba din [Luna anterioar\u0103]<\/a><\/li> <\/ul>\n\n<p><strong>Exemple de documente pe care le g\u0103si\u021bi aici:<\/strong><\/p> <ul> <li>Hot\u0103r\u00e2rea privind aprobarea Bugetului Local.<\/li> <li>Hot\u0103r\u00e2rea privind stabilirea Taxelor \u0219i Impozitelor Locale.<\/li> <li>Hot\u0103r\u00e2rile de aprobare a documenta\u021biilor de urbanism (PUZ, PUD).<\/li> <li>Hot\u0103r\u00e2rile privind rectific\u0103rile bugetare.<\/li> <\/ul>\n\n<h2><strong>Publicarea \u00een Monitorul Oficial Local<\/strong><\/h2>\n\n<p>Dup\u0103 adoptare, hot\u0103r\u00e2rile cu caracter normativ sunt trimise spre publicare. Acestea apar \u00een <a href=\"#\">Monitorul Oficial Local<\/a>. Acest pas asigur\u0103 opozabilitatea lor. Pentru orice \u00eentreb\u0103ri, ne pute\u021bi scrie pe pagina de <a href=\"https:\/\/primarii.wattmedia.ro\/contact\">contact<\/a>.<\/p>\t\t\t\t\t\t\t\t<\/div>\n\t\t\t\t\t<\/div>\n\t\t\t\t<\/div>\n\t\t\t\t<\/div>\n\t\t","protected":false},"excerpt":{"rendered":"<p>Proiecte adoptate (Hot\u0103r\u00e2ri ale Consiliului Local) Bun venit \u00een arhiva oficial\u0103 a deciziilor. Aici g\u0103si\u021bi toate proiecte adoptate Prim\u0103ria Demo. Aceast\u0103 sec\u021biune listeaz\u0103 proiectele care au parcurs etapa de dezbatere. Ele au fost votate \u0219i au devenit Hot\u0103r\u00e2ri ale Consiliului Local (HCL). Acestea sunt actele care produc efecte juridice. De la proiect la hot\u0103r\u00e2re Procesul [&hellip;]<\/p>\n","protected":false},"author":1,"featured_media":0,"parent":0,"menu_order":0,"comment_status":"closed","ping_status":"open","template":"","meta":{"give_campaign_id":0,"footnotes":""},"class_list":["post-5181","page","type-page","status-publish","hentry"],"aioseo_notices":[],"campaignId":"","_links":{"self":[{"href":"https:\/\/primarii.altanet.ro\/en\/wp-json\/wp\/v2\/pages\/5181","targetHints":{"allow":["GET"]}}],"collection":[{"href":"https:\/\/primarii.altanet.ro\/en\/wp-json\/wp\/v2\/pages"}],"about":[{"href":"https:\/\/primarii.altanet.ro\/en\/wp-json\/wp\/v2\/types\/page"}],"author":[{"embeddable":true,"href":"https:\/\/primarii.altanet.ro\/en\/wp-json\/wp\/v2\/users\/1"}],"replies":[{"embeddable":true,"href":"https:\/\/primarii.altanet.ro\/en\/wp-json\/wp\/v2\/comments?post=5181"}],"version-history":[{"count":4,"href":"https:\/\/primarii.altanet.ro\/en\/wp-json\/wp\/v2\/pages\/5181\/revisions"}],"predecessor-version":[{"id":6251,"href":"https:\/\/primarii.altanet.ro\/en\/wp-json\/wp\/v2\/pages\/5181\/revisions\/6251"}],"wp:attachment":[{"href":"https:\/\/primarii.altanet.ro\/en\/wp-json\/wp\/v2\/media?parent=5181"}],"curies":[{"name":"wp","href":"https:\/\/api.w.org\/{rel}","templated":true}]}}